{"id":15,"date":"2025-05-23T12:26:02","date_gmt":"2025-05-23T12:26:02","guid":{"rendered":"https:\/\/rekuesen.com\/?page_id=15"},"modified":"2025-05-28T17:17:39","modified_gmt":"2025-05-28T10:17:39","slug":"startseite-2","status":"publish","type":"page","link":"https:\/\/rekuesen.com\/?page_id=15","title":{"rendered":"\u00dcber uns"},"content":{"rendered":"\n\t<section class=\"section\" id=\"section_1494778625\">\n\t\t<div class=\"bg section-bg fill bg-fill  bg-loaded\" >\n\n\t\t\t\n\t\t\t<div class=\"section-bg-overlay absolute fill\"><\/div>\n\t\t\t\n\n\t\t<\/div>\n\n\t\t\n\n\t\t<div class=\"section-content relative\">\n\t\t\t\n\n<div class=\"row row-large align-middle\"  id=\"row-126139871\">\n\n\n\t<div id=\"col-1843587113\" class=\"col medium-6 small-12 large-6\"  >\n\t\t\t\t<div class=\"col-inner\"  >\n\t\t\t\n\t\t\t\n\n\t<div class=\"img has-hover x md-x lg-x y md-y lg-y\" id=\"image_796764342\">\n\t\t\t\t\t\t\t\t<div class=\"img-inner image-cover dark\" style=\"padding-top:200%;\">\n\t\t\t<img loading=\"lazy\" decoding=\"async\" width=\"1366\" height=\"2048\" src=\"https:\/\/rekuesen.com\/wp-content\/uploads\/2025\/05\/bei-1366x2048.jpg\" class=\"attachment-2048x2048 size-2048x2048\" alt=\"\" srcset=\"https:\/\/rekuesen.com\/wp-content\/uploads\/2025\/05\/bei-1366x2048.jpg 1366w, https:\/\/rekuesen.com\/wp-content\/uploads\/2025\/05\/bei-200x300.jpg 200w, https:\/\/rekuesen.com\/wp-content\/uploads\/2025\/05\/bei-683x1024.jpg 683w, https:\/\/rekuesen.com\/wp-content\/uploads\/2025\/05\/bei-768x1152.jpg 768w, https:\/\/rekuesen.com\/wp-content\/uploads\/2025\/05\/bei-1024x1536.jpg 1024w, https:\/\/rekuesen.com\/wp-content\/uploads\/2025\/05\/bei.jpg 1575w\" sizes=\"auto, (max-width: 1366px) 100vw, 1366px\" \/>\t\t\t\t\t\t\n\t\t\t\t\t<\/div>\n\t\t\t\t\t\t\t\t\n<style>\n#image_796764342 {\n  width: 100%;\n}\n<\/style>\n\t<\/div>\n\t\n\n\n\t\t<\/div>\n\t\t\t\t\t<\/div>\n\n\t\n\n\t<div id=\"col-2007389649\" class=\"col medium-6 small-12 large-6\"  >\n\t\t\t\t<div class=\"col-inner text-left\"  >\n\t\t\t\n\t\t\t\n\n<section id=\"about\" style=\"max-width: 800px; margin: auto; font-family: sans-serif; padding: 40px 20px;\">\n<h1 style=\"font-size: 2em; margin-bottom: 20px; text-align: center;\"><b>Xin ch\u00e0o! <\/b><\/h1>\n<h1 style=\"font-size: 2em; margin-bottom: 20px; text-align: center;\"><b>Hallo! Mein Name ist Linh (auch bekannt als Leo)<\/b><\/h1>\n<p style=\"font-size: 1.1em; line-height: 1.6;\">Ich bin 4. Jahr Student und auch Deutschlehrer. Seit vielen Jahren begleite ich vietnamesische Lernende auf ihrem Weg zur deutschen Sprache \u2013 mit Geduld, Freude und einem tiefen Verst\u00e4ndnis f\u00fcr die kulturellen Unterschiede.<\/p>\n<p style=\"font-size: 1.1em; line-height: 1.6; margin-top: 20px;\">Meine Leidenschaft geht jedoch \u00fcber das Klassenzimmer hinaus: Derzeit baue ich eine Website auf, die die Sch\u00f6nheit, Geschichte und Seele Hanois den deutschsprachigen Besuchern n\u00e4herbringt. Ich glaube fest daran, dass Sprache Br\u00fccken baut \u2013 und genau das m\u00f6chte ich mit diesem Projekt erreichen.<\/p>\n<\/section>\n<p>\u00a0<\/p>\n<section id=\"contact\" style=\"max-width: 800px; margin: auto; font-family: sans-serif; padding: 20px;\">\n<h2 style=\"font-size: 1.5em; margin-bottom: 15px; text-align: center;\">Kontaktieren Sie mich gern<\/h2>\n<p style=\"text-align: center;\">Email: <a href=\"mailto:dein.email@example.com\">rekuesen@gmail.com<\/a><\/p>\n<p style=\"text-align: center;\"><img loading=\"lazy\" decoding=\"async\" class=\"size-medium wp-image-292 aligncenter\" src=\"https:\/\/rekuesen.com\/wp-content\/uploads\/2025\/05\/frame-260x300.png\" alt=\"\" width=\"260\" height=\"300\" srcset=\"https:\/\/rekuesen.com\/wp-content\/uploads\/2025\/05\/frame-260x300.png 260w, https:\/\/rekuesen.com\/wp-content\/uploads\/2025\/05\/frame-889x1024.png 889w, https:\/\/rekuesen.com\/wp-content\/uploads\/2025\/05\/frame-768x884.png 768w, https:\/\/rekuesen.com\/wp-content\/uploads\/2025\/05\/frame-1334x1536.png 1334w, https:\/\/rekuesen.com\/wp-content\/uploads\/2025\/05\/frame-1778x2048.png 1778w\" sizes=\"auto, (max-width: 260px) 100vw, 260px\" \/><\/p>\n<p style=\"text-align: center;\">Zalo\/WhatsApp: <a href=\"http:\/\/zalo.me\">+84823600569<\/a><\/p>\n<\/section>\n<section id=\"closing\" style=\"max-width: 800px; margin: auto; font-family: sans-serif; padding: 20px; font-style: italic;\">\n<p>Wenn Sie Hanoi nicht nur sehen, sondern wirklich sp\u00fcren m\u00f6chten \u2013 mit all seinen Farben, Ger\u00e4uschen und Geschichten \u2013 dann lade ich Sie herzlich ein, meine Webseite zu entdecken. Ich freue mich, Ihnen meine Heimatstadt durch deutsche Augen n\u00e4herzubringen.<\/p>\n<\/section>\n\n\t\t<\/div>\n\t\t\t\t\t<\/div>\n\n\t\n\n<\/div>\n\n\t\t<\/div>\n\n\t\t\n<style>\n#section_1494778625 {\n  padding-top: 60px;\n  padding-bottom: 60px;\n  background-color: rgb(193, 193, 193);\n}\n#section_1494778625 .section-bg-overlay {\n  background-color: rgba(255, 255, 255, 0.85);\n}\n<\/style>\n\t<\/section>\n\t\n\n","protected":false},"excerpt":{"rendered":"","protected":false},"author":1,"featured_media":0,"parent":0,"menu_order":0,"comment_status":"closed","ping_status":"closed","template":"","meta":{"footnotes":""},"class_list":["post-15","page","type-page","status-publish","hentry"],"_links":{"self":[{"href":"https:\/\/rekuesen.com\/index.php?rest_route=\/wp\/v2\/pages\/15","targetHints":{"allow":["GET"]}}],"collection":[{"href":"https:\/\/rekuesen.com\/index.php?rest_route=\/wp\/v2\/pages"}],"about":[{"href":"https:\/\/rekuesen.com\/index.php?rest_route=\/wp\/v2\/types\/page"}],"author":[{"embeddable":true,"href":"https:\/\/rekuesen.com\/index.php?rest_route=\/wp\/v2\/users\/1"}],"replies":[{"embeddable":true,"href":"https:\/\/rekuesen.com\/index.php?rest_route=%2Fwp%2Fv2%2Fcomments&post=15"}],"version-history":[{"count":13,"href":"https:\/\/rekuesen.com\/index.php?rest_route=\/wp\/v2\/pages\/15\/revisions"}],"predecessor-version":[{"id":293,"href":"https:\/\/rekuesen.com\/index.php?rest_route=\/wp\/v2\/pages\/15\/revisions\/293"}],"wp:attachment":[{"href":"https:\/\/rekuesen.com\/index.php?rest_route=%2Fwp%2Fv2%2Fmedia&parent=15"}],"curies":[{"name":"wp","href":"https:\/\/api.w.org\/{rel}","templated":true}]}}