{"id":9,"date":"2025-05-23T12:08:37","date_gmt":"2025-05-23T12:08:37","guid":{"rendered":"https:\/\/rekuesen.com\/?page_id=9"},"modified":"2025-05-26T12:29:15","modified_gmt":"2025-05-26T05:29:15","slug":"startseite","status":"publish","type":"page","link":"https:\/\/rekuesen.com\/","title":{"rendered":"Startseite"},"content":{"rendered":"\n\n  <div class=\"banner has-hover is-full-height\" id=\"banner-1431420816\">\n          <div class=\"banner-inner fill\">\n        <div class=\"banner-bg fill\" >\n            <div class=\"bg fill bg-fill \"><\/div>\n                                    \n                    <\/div>\n\t\t\n        <div class=\"banner-layers container\">\n            <div class=\"fill banner-link\"><\/div>            \n\n   <div id=\"text-box-1668912116\" class=\"text-box banner-layer x15 md-x15 lg-x15 y95 md-y95 lg-y95 res-text\">\n                                <div class=\"text-box-content text dark text-shadow-5\">\n              \n              <div class=\"text-inner text-center\">\n                  \n\n\t<div id=\"text-2557852797\" class=\"text\">\n\t\t\n\n<p>H\u00e0 N\u1ed9i<br \/> Ein Abenteuer wartet auf Sie<\/p>\n\t\t\n<style>\n#text-2557852797 {\n  font-size: 3.2rem;\n  line-height: 2;\n  text-align: center;\n  color: #ffffff;\n}\n#text-2557852797 > * {\n  color: #ffffff;\n}\n<\/style>\n\t<\/div>\n\t\n\n              <\/div>\n           <\/div>\n                            \n<style>\n#text-box-1668912116 {\n  width: 69%;\n}\n#text-box-1668912116 .text-box-content {\n  font-size: 271%;\n}\n<\/style>\n    <\/div>\n \n\n        <\/div>\n      <\/div>\n\n            \n<style>\n#banner-1431420816 {\n  padding-top: 100%;\n  background-color: #FFF;\n}\n#banner-1431420816 .bg.bg-loaded {\n  background-image: url(https:\/\/rekuesen.com\/wp-content\/uploads\/2025\/05\/anh-chua-mot-cot-15-1-2048x1152.jpg);\n}\n<\/style>\n  <\/div>\n\n\n\t<section class=\"section\" id=\"section_645742042\">\n\t\t<div class=\"bg section-bg fill bg-fill  bg-loaded\" >\n\n\t\t\t\n\t\t\t\n\t\t\t\n\t<div class=\"is-border\"\n\t\tstyle=\"border-width:0px 0px 0px 0px;\">\n\t<\/div>\n\n\t\t<\/div>\n\n\t\t\n\n\t\t<div class=\"section-content relative\">\n\t\t\t\n\n<div class=\"row row-small row-full-width align-equal row-box-shadow-5\"  id=\"row-1964109946\">\n\n\n\t<div id=\"col-917970994\" class=\"col medium-3 small-6 large-3\"  >\n\t\t\t\t<div class=\"col-inner\"  >\n\t\t\t\n\t\t\t\n\n\t<div class=\"box has-hover   has-hover box-text-bottom\" >\n\n\t\t<div class=\"box-image\" >\n\t\t\t\t\t\t<div class=\"image-zoom image-cover\" style=\"padding-top:100%;\">\n\t\t\t\t<img loading=\"lazy\" decoding=\"async\" width=\"500\" height=\"750\" src=\"https:\/\/rekuesen.com\/wp-content\/uploads\/2025\/05\/free-photo-of-chua-m-t-c-t-ha-n-i-vi-t-nam.jpeg\" class=\"attachment- size-\" alt=\"\" srcset=\"https:\/\/rekuesen.com\/wp-content\/uploads\/2025\/05\/free-photo-of-chua-m-t-c-t-ha-n-i-vi-t-nam.jpeg 500w, https:\/\/rekuesen.com\/wp-content\/uploads\/2025\/05\/free-photo-of-chua-m-t-c-t-ha-n-i-vi-t-nam-200x300.jpeg 200w\" sizes=\"auto, (max-width: 500px) 100vw, 500px\" \/>\t\t\t\t\t\t\t\t\t\t\t<\/div>\n\t\t\t\t\t<\/div>\n\n\t\t<div class=\"box-text text-center\" >\n\t\t\t<div class=\"box-text-inner\">\n\t\t\t\t\n\n<h1 style=\"text-align: center;\">Sehensw\u00fcrdigkeit<\/h1>\n\n\t\t\t<\/div>\n\t\t<\/div>\n\t<\/div>\n\t\n\n\t\t<\/div>\n\t\t\t\t\n<style>\n#col-917970994 > .col-inner {\n  padding: 0px 0px 0px 0px;\n  margin: 0px 0px 0px 0px;\n}\n<\/style>\n\t<\/div>\n\n\t\n\n\t<div id=\"col-897909256\" class=\"col medium-3 small-6 large-3\"  >\n\t\t\t\t<div class=\"col-inner\"  >\n\t\t\t\n\t\t\t\n\n\t<div class=\"box has-hover   has-hover box-text-bottom\" >\n\n\t\t<div class=\"box-image\" >\n\t\t\t\t\t\t<div class=\"image-zoom image-cover\" style=\"padding-top:100%;\">\n\t\t\t\t<img loading=\"lazy\" decoding=\"async\" width=\"1024\" height=\"682\" src=\"https:\/\/rekuesen.com\/wp-content\/uploads\/2025\/05\/020A3144-1024x682-1.jpg\" class=\"attachment-original size-original\" alt=\"\" srcset=\"https:\/\/rekuesen.com\/wp-content\/uploads\/2025\/05\/020A3144-1024x682-1.jpg 1024w, https:\/\/rekuesen.com\/wp-content\/uploads\/2025\/05\/020A3144-1024x682-1-300x200.jpg 300w, https:\/\/rekuesen.com\/wp-content\/uploads\/2025\/05\/020A3144-1024x682-1-768x512.jpg 768w\" sizes=\"auto, (max-width: 1024px) 100vw, 1024px\" \/>\t\t\t\t\t\t\t\t\t\t\t<\/div>\n\t\t\t\t\t<\/div>\n\n\t\t<div class=\"box-text text-center\" >\n\t\t\t<div class=\"box-text-inner\">\n\t\t\t\t\n\n<h1>Besondere K\u00fcche<\/h1>\n\n\t\t\t<\/div>\n\t\t<\/div>\n\t<\/div>\n\t\n\n\t\t<\/div>\n\t\t\t\t\t<\/div>\n\n\t\n\n\t<div id=\"col-819679015\" class=\"col medium-3 small-6 large-3\"  >\n\t\t\t\t<div class=\"col-inner\"  >\n\t\t\t\n\t\t\t\n\n\t<div class=\"box has-hover   has-hover box-text-bottom\" >\n\n\t\t<div class=\"box-image\" >\n\t\t\t\t\t\t<div class=\"image-zoom image-cover\" style=\"padding-top:100%;\">\n\t\t\t\t<img loading=\"lazy\" decoding=\"async\" width=\"700\" height=\"689\" src=\"https:\/\/rekuesen.com\/wp-content\/uploads\/2025\/05\/van-mieu-quoc-tu-giam-04_1682005408.jpg\" class=\"attachment- size-\" alt=\"\" srcset=\"https:\/\/rekuesen.com\/wp-content\/uploads\/2025\/05\/van-mieu-quoc-tu-giam-04_1682005408.jpg 700w, https:\/\/rekuesen.com\/wp-content\/uploads\/2025\/05\/van-mieu-quoc-tu-giam-04_1682005408-300x295.jpg 300w\" sizes=\"auto, (max-width: 700px) 100vw, 700px\" \/>\t\t\t\t\t\t\t\t\t\t\t<\/div>\n\t\t\t\t\t<\/div>\n\n\t\t<div class=\"box-text text-center\" >\n\t\t\t<div class=\"box-text-inner\">\n\t\t\t\t\n\n<h1><strong>Traditionen und Gebr\u00e4uche<\/strong><\/h1>\n\n\t\t\t<\/div>\n\t\t<\/div>\n\t<\/div>\n\t\n\n\t\t<\/div>\n\t\t\t\t\t<\/div>\n\n\t\n\n\t<div id=\"col-790485468\" class=\"col medium-3 small-6 large-3\"  >\n\t\t\t\t<div class=\"col-inner\"  >\n\t\t\t\n\t\t\t\n\n\t<div class=\"box has-hover   has-hover box-text-bottom\" >\n\n\t\t<div class=\"box-image\" >\n\t\t\t\t\t\t<div class=\"image-zoom image-cover\" style=\"padding-top:100%;\">\n\t\t\t\t<img loading=\"lazy\" decoding=\"async\" width=\"2560\" height=\"1706\" src=\"https:\/\/rekuesen.com\/wp-content\/uploads\/2025\/05\/cho-gom-bat-trang-02-1699542339-1-scaled.jpg\" class=\"attachment- size-\" alt=\"\" srcset=\"https:\/\/rekuesen.com\/wp-content\/uploads\/2025\/05\/cho-gom-bat-trang-02-1699542339-1-scaled.jpg 2560w, https:\/\/rekuesen.com\/wp-content\/uploads\/2025\/05\/cho-gom-bat-trang-02-1699542339-1-300x200.jpg 300w, https:\/\/rekuesen.com\/wp-content\/uploads\/2025\/05\/cho-gom-bat-trang-02-1699542339-1-1024x682.jpg 1024w, https:\/\/rekuesen.com\/wp-content\/uploads\/2025\/05\/cho-gom-bat-trang-02-1699542339-1-768x512.jpg 768w, https:\/\/rekuesen.com\/wp-content\/uploads\/2025\/05\/cho-gom-bat-trang-02-1699542339-1-1536x1023.jpg 1536w, https:\/\/rekuesen.com\/wp-content\/uploads\/2025\/05\/cho-gom-bat-trang-02-1699542339-1-2048x1364.jpg 2048w\" sizes=\"auto, (max-width: 2560px) 100vw, 2560px\" \/>\t\t\t\t\t\t\t\t\t\t\t<\/div>\n\t\t\t\t\t<\/div>\n\n\t\t<div class=\"box-text text-center\" >\n\t\t\t<div class=\"box-text-inner\">\n\t\t\t\t\n\n<h1><strong>Traditionelle Produktion<\/strong><\/h1>\n\n\t\t\t<\/div>\n\t\t<\/div>\n\t<\/div>\n\t\n\n\t\t<\/div>\n\t\t\t\t\t<\/div>\n\n\t\n\n\n<style>\n#row-1964109946 > .col > .col-inner {\n  padding: 0px 0px 0px 0px;\n}\n<\/style>\n<\/div>\n\n\t\t<\/div>\n\n\t\t\n<style>\n#section_645742042 {\n  padding-top: 10px;\n  padding-bottom: 10px;\n  min-height: 10px;\n}\n<\/style>\n\t<\/section>\n\t\n\t<section class=\"section\" id=\"section_1258000459\">\n\t\t<div class=\"bg section-bg fill bg-fill  bg-loaded\" >\n\n\t\t\t\n\t\t\t<div class=\"section-bg-overlay absolute fill\"><\/div>\n\t\t\t\n\t<div class=\"is-border\"\n\t\tstyle=\"border-color:rgb(235, 235, 235);border-width:1px 0px 0px 0px;\">\n\t<\/div>\n\n\t\t<\/div>\n\n\t\t\n\n\t\t<div class=\"section-content relative\">\n\t\t\t\n\n<div class=\"row row-large row-full-width align-middle align-center\"  id=\"row-314549790\">\n\n\n\t<div id=\"col-405243747\" class=\"col medium-6 small-12 large-6\"  >\n\t\t\t\t<div class=\"col-inner text-center dark\"  >\n\t\t\t\n\t\t\t\n\n<p>\u00a0<\/p>\n<h2>Entdecke die Sch\u00f6nheit der Hauptstadt Hanoi<\/h2>\n<p>Erlebe die faszinierende Mischung aus jahrhundertealter Kultur, lebendigem Stra\u00dfenleben und kulinarischen Highlights \u2013 Hanoi wird dich mit jedem Schritt verzaubern.<\/p>\n<a href=\"https:\/\/rekuesen.com\/?cat=9\" class=\"button success is-small box-shadow-3-hover\" rel=\"https:\/\/rekuesen.com\/?cat=9\"  style=\"border-radius:99px;padding:5px 15px 5px 15px;\">\n    <span>Jetzt entdecken<\/span>\n  <\/a>\n\n\n\n\t\t<\/div>\n\t\t\t\t\t<\/div>\n\n\t\n\n\t<div id=\"col-707559651\" class=\"col medium-6 small-12 large-6\"  data-animate=\"flipInY\">\n\t\t\t\t<div class=\"col-inner text-left box-shadow-5-hover\" style=\"background-color:rgb(255, 255, 255);\" >\n\t\t\t\n\t\t\t\n\n\t<div class=\"img has-hover x md-x lg-x y md-y lg-y\" id=\"image_198820392\">\n\t\t\t\t\t\t\t\t<div class=\"img-inner image-zoom image-zoom dark\" >\n\t\t\t<img loading=\"lazy\" decoding=\"async\" width=\"684\" height=\"1024\" src=\"https:\/\/rekuesen.com\/wp-content\/uploads\/2025\/05\/david-emrich-g2ejBYKMWxM-unsplash-684x1024.jpg\" class=\"attachment-large size-large\" alt=\"\" srcset=\"https:\/\/rekuesen.com\/wp-content\/uploads\/2025\/05\/david-emrich-g2ejBYKMWxM-unsplash-684x1024.jpg 684w, https:\/\/rekuesen.com\/wp-content\/uploads\/2025\/05\/david-emrich-g2ejBYKMWxM-unsplash-200x300.jpg 200w, https:\/\/rekuesen.com\/wp-content\/uploads\/2025\/05\/david-emrich-g2ejBYKMWxM-unsplash-768x1150.jpg 768w, https:\/\/rekuesen.com\/wp-content\/uploads\/2025\/05\/david-emrich-g2ejBYKMWxM-unsplash-1026x1536.jpg 1026w, https:\/\/rekuesen.com\/wp-content\/uploads\/2025\/05\/david-emrich-g2ejBYKMWxM-unsplash-1368x2048.jpg 1368w, https:\/\/rekuesen.com\/wp-content\/uploads\/2025\/05\/david-emrich-g2ejBYKMWxM-unsplash-scaled.jpg 1710w\" sizes=\"auto, (max-width: 684px) 100vw, 684px\" \/>\t\t\t\t\t\t\n\t\t\t\t\t<\/div>\n\t\t\t\t\t\t\t\t\n<style>\n#image_198820392 {\n  width: 100%;\n}\n<\/style>\n\t<\/div>\n\t\n\n\n\t\t<\/div>\n\t\t\t\t\n<style>\n#col-707559651 > .col-inner {\n  padding: 0px 0px 0px 0px;\n}\n<\/style>\n\t<\/div>\n\n\t\n\n<\/div>\n\n\t\t<\/div>\n\n\t\t\n<style>\n#section_1258000459 {\n  padding-top: 30px;\n  padding-bottom: 30px;\n  min-height: 250px;\n  background-color: rgb(171, 171, 171);\n}\n#section_1258000459 .section-bg-overlay {\n  background-color: rgba(0, 0, 0, 0.64);\n}\n<\/style>\n\t<\/section>\n\t\n\t<section class=\"section\" id=\"section_1179499244\">\n\t\t<div class=\"bg section-bg fill bg-fill  bg-loaded\" >\n\n\t\t\t\n\t\t\t\n\t\t\t\n\t<div class=\"is-border\"\n\t\tstyle=\"border-color:rgb(235, 235, 235);border-width:0px 0px 0px 0px;\">\n\t<\/div>\n\n\t\t<\/div>\n\n\t\t\n\n\t\t<div class=\"section-content relative\">\n\t\t\t\n\n<div class=\"row\"  id=\"row-1829672081\">\n\n\n\t<div id=\"col-1220252997\" class=\"col medium-6 small-12 large-6\"  >\n\t\t\t\t<div class=\"col-inner\"  >\n\t\t\t\n\t\t\t\n\n\t<div id=\"text-4177980839\" class=\"text\">\n\t\t\n\n<h2 data-start=\"145\" data-end=\"185\"><strong data-start=\"154\" data-end=\"183\">Beste Reisezeit w\u00e4hlen<\/strong><\/h2>\n<p data-start=\"186\" data-end=\"467\">\u00a0<\/p>\n<p data-start=\"186\" data-end=\"467\">Die ideale Zeit f\u00fcr eine Reise nach Hanoi ist von Oktober bis April. In diesen Monaten ist das Wetter angenehm k\u00fchl und trocken \u2013 perfekt f\u00fcr Stadtbesichtigungen und Spazierg\u00e4nge am Hoan-Kiem-See. Vermeiden Sie die hei\u00dfen Sommermonate mit hoher Luftfeuchtigkeit und h\u00e4ufigem Regen.<\/p>\n<h3 data-start=\"469\" data-end=\"518\">\u00a0<\/h3>\n\t\t\n<style>\n#text-4177980839 {\n  text-align: center;\n}\n<\/style>\n\t<\/div>\n\t\n\n\t\t<\/div>\n\t\t\t\t\t<\/div>\n\n\t\n\n\t<div id=\"col-1424535712\" class=\"col medium-6 small-12 large-6\"  >\n\t\t\t\t<div class=\"col-inner\"  >\n\t\t\t\n\t\t\t\n\n\t<div id=\"text-3795081777\" class=\"text\">\n\t\t\n\n<h2 data-start=\"125\" data-end=\"181\"><strong data-start=\"138\" data-end=\"179\">Klug einkaufen auf lokalen M\u00e4rkten<\/strong><\/h2>\n<p data-start=\"801\" data-end=\"1079\">\u00a0<\/p>\n<p data-start=\"182\" data-end=\"490\">Auf M\u00e4rkten wie dem Dong-Xuan-Markt k\u00f6nnen Sie authentische Souvenirs, Kleidung und Kunsthandwerk kaufen. Handeln ist \u00fcblich \u2013 bleiben Sie dabei freundlich und l\u00e4chelnd. Achten Sie auf Qualit\u00e4t und vergleichen Sie Preise. Bargeld in kleiner St\u00fcckelung ist hilfreich, da viele St\u00e4nde keine Karten akzeptieren.<\/p>\n<h3 data-start=\"1081\" data-end=\"1120\">\u00a0<\/h3>\n\t\t\n<style>\n#text-3795081777 {\n  text-align: center;\n}\n<\/style>\n\t<\/div>\n\t\n\n\t\t<\/div>\n\t\t\t\t\t<\/div>\n\n\t\n\n<\/div>\n<div class=\"row align-middle align-center\"  id=\"row-798507258\">\n\n\n\t<div id=\"col-2028347941\" class=\"col medium-4 small-12 large-4\"  >\n\t\t\t\t<div class=\"col-inner text-center\"  >\n\t\t\t\n\t\t\t\n\n<a href=\"https:\/\/rekuesen.com\/?cat=12\" class=\"button success is-small box-shadow-3-hover\" rel=\"https:\/\/rekuesen.com\/?cat=11\"  style=\"border-radius:99px;padding:5px 15px 5px 15px;\">\n    <span>Jetzt entdecken<\/span>\n  <\/a>\n\n\n\n\t\t<\/div>\n\t\t\t\t\t<\/div>\n\n\t\n\n<\/div>\n\n\t\t<\/div>\n\n\t\t\n<style>\n#section_1179499244 {\n  padding-top: 60px;\n  padding-bottom: 60px;\n  min-height: 300px;\n  background-color: rgb(245, 245, 245);\n}\n<\/style>\n\t<\/section>\n\t\n\t<section class=\"section dark\" id=\"section_232534535\">\n\t\t<div class=\"bg section-bg fill bg-fill  bg-loaded\" >\n\n\t\t\t\n\t\t\t\n\t\t\t\n\n\t\t<\/div>\n\n\t\t\n\n\t\t<div class=\"section-content relative\">\n\t\t\t\n\n<div class=\"row row-small\"  id=\"row-1794606632\">\n\n\n\t<div id=\"col-324954241\" class=\"col medium-4 small-12 large-4\"  >\n\t\t\t\t<div class=\"col-inner text-center\"  >\n\t\t\t\n\t\t\t\n\n\t<div id=\"text-3130902457\" class=\"text\">\n\t\t\n\n<p><\/br><\/p>\n<h3 data-start=\"119\" data-end=\"176\"><strong data-start=\"128\" data-end=\"176\">Ein Paradies f\u00fcr traditionelle K\u00fcche<\/strong><\/h3>\n<p><\/br><\/p>\n<p data-start=\"178\" data-end=\"507\">Hanoi ist nicht nur f\u00fcr seine tausendj\u00e4hrige Geschichte bekannt, sondern auch f\u00fcr seine kulinarische Vielfalt. Von der herzhaften Ph\u1edf bis hin zum aromatischen B\u00fan Ch\u1ea3 \u2013 jede Speise spiegelt die Kultur der Stadt wider. Die frischen Zutaten und die raffinierte Zubereitung machen die K\u00fcche Hanois zu einem unvergesslichen Erlebnis.<\/p>\n\t\t\n<style>\n#text-3130902457 {\n  text-align: center;\n}\n<\/style>\n\t<\/div>\n\t\n\n\t\t<\/div>\n\t\t\t\t\n<style>\n#col-324954241 > .col-inner {\n  padding: 0px 0px 0px 0px;\n  margin: 0px 0px 0px 0px;\n}\n<\/style>\n\t<\/div>\n\n\t\n\n\t<div id=\"col-1908837406\" class=\"col medium-4 small-12 large-4\"  >\n\t\t\t\t<div class=\"col-inner\"  >\n\t\t\t\n\t\t\t\n\n\t<div class=\"img has-hover x md-x lg-x y md-y lg-y\" id=\"image_244877741\">\n\t\t\t\t\t\t\t\t<div class=\"img-inner dark\" style=\"margin:65px 0px 0px 0px;\">\n\t\t\t<img loading=\"lazy\" decoding=\"async\" width=\"2048\" height=\"1365\" src=\"https:\/\/rekuesen.com\/wp-content\/uploads\/2025\/05\/kirill-tonkikh-NFQi_2HUNRI-unsplash-2048x1365.jpg\" class=\"attachment-2048x2048 size-2048x2048\" alt=\"\" srcset=\"https:\/\/rekuesen.com\/wp-content\/uploads\/2025\/05\/kirill-tonkikh-NFQi_2HUNRI-unsplash-2048x1365.jpg 2048w, https:\/\/rekuesen.com\/wp-content\/uploads\/2025\/05\/kirill-tonkikh-NFQi_2HUNRI-unsplash-300x200.jpg 300w, https:\/\/rekuesen.com\/wp-content\/uploads\/2025\/05\/kirill-tonkikh-NFQi_2HUNRI-unsplash-1024x683.jpg 1024w, https:\/\/rekuesen.com\/wp-content\/uploads\/2025\/05\/kirill-tonkikh-NFQi_2HUNRI-unsplash-768x512.jpg 768w, https:\/\/rekuesen.com\/wp-content\/uploads\/2025\/05\/kirill-tonkikh-NFQi_2HUNRI-unsplash-1536x1024.jpg 1536w\" sizes=\"auto, (max-width: 2048px) 100vw, 2048px\" \/>\t\t\t\t\t\t\n\t\t\t\t\t<\/div>\n\t\t\t\t\t\t\t\t\n<style>\n#image_244877741 {\n  width: 100%;\n}\n<\/style>\n\t<\/div>\n\t\n\n\n\t\t<\/div>\n\t\t\t\t\t<\/div>\n\n\t\n\n\t<div id=\"col-2093660733\" class=\"col medium-4 small-12 large-4\"  >\n\t\t\t\t<div class=\"col-inner\"  >\n\t\t\t\n\t\t\t\n\n\t<div class=\"img has-hover x md-x lg-x y md-y lg-y\" id=\"image_379903728\">\n\t\t\t\t\t\t\t\t<div class=\"img-inner dark\" style=\"margin:20px 0px 0px 0px;\">\n\t\t\t<img loading=\"lazy\" decoding=\"async\" width=\"736\" height=\"736\" src=\"https:\/\/rekuesen.com\/wp-content\/uploads\/2025\/05\/60448129-4f7b-46d7-804a-8338a7a4c7b0.jpg\" class=\"attachment-large size-large\" alt=\"\" srcset=\"https:\/\/rekuesen.com\/wp-content\/uploads\/2025\/05\/60448129-4f7b-46d7-804a-8338a7a4c7b0.jpg 736w, https:\/\/rekuesen.com\/wp-content\/uploads\/2025\/05\/60448129-4f7b-46d7-804a-8338a7a4c7b0-300x300.jpg 300w, https:\/\/rekuesen.com\/wp-content\/uploads\/2025\/05\/60448129-4f7b-46d7-804a-8338a7a4c7b0-150x150.jpg 150w\" sizes=\"auto, (max-width: 736px) 100vw, 736px\" \/>\t\t\t\t\t\t\n\t\t\t\t\t<\/div>\n\t\t\t\t\t\t\t\t\n<style>\n#image_379903728 {\n  width: 100%;\n}\n<\/style>\n\t<\/div>\n\t\n\n\n\t\t<\/div>\n\t\t\t\t\t<\/div>\n\n\t\n\n\t<div id=\"col-625525812\" class=\"col medium-4 small-12 large-4\"  >\n\t\t\t\t<div class=\"col-inner\"  >\n\t\t\t\n\t\t\t\n\n\t<div class=\"img has-hover x md-x lg-x y md-y lg-y\" id=\"image_1564052460\">\n\t\t\t\t\t\t\t\t<div class=\"img-inner dark\" >\n\t\t\t<img loading=\"lazy\" decoding=\"async\" width=\"404\" height=\"316\" src=\"https:\/\/rekuesen.com\/wp-content\/uploads\/2025\/05\/b1495743-32e1-4e33-b488-7ee2cf8f3146.jpg\" class=\"attachment-large size-large\" alt=\"\" srcset=\"https:\/\/rekuesen.com\/wp-content\/uploads\/2025\/05\/b1495743-32e1-4e33-b488-7ee2cf8f3146.jpg 404w, https:\/\/rekuesen.com\/wp-content\/uploads\/2025\/05\/b1495743-32e1-4e33-b488-7ee2cf8f3146-300x235.jpg 300w\" sizes=\"auto, (max-width: 404px) 100vw, 404px\" \/>\t\t\t\t\t\t\n\t\t\t\t\t<\/div>\n\t\t\t\t\t\t\t\t\n<style>\n#image_1564052460 {\n  width: 100%;\n}\n<\/style>\n\t<\/div>\n\t\n\n\n\t\t<\/div>\n\t\t\t\t\t<\/div>\n\n\t\n\n\t<div id=\"col-839124564\" class=\"col medium-4 small-12 large-4\"  >\n\t\t\t\t<div class=\"col-inner\"  >\n\t\t\t\n\t\t\t\n\n\t<div class=\"img has-hover x md-x lg-x y md-y lg-y\" id=\"image_352730527\">\n\t\t\t\t\t\t\t\t<div class=\"img-inner dark\" style=\"margin:10px 0px 0px 0px;\">\n\t\t\t<img loading=\"lazy\" decoding=\"async\" width=\"600\" height=\"432\" src=\"https:\/\/rekuesen.com\/wp-content\/uploads\/2025\/05\/Cach-Lam-Banh-Gio-Mem-Min-Sieu-Ngon-That-La-Ngon.jpg\" class=\"attachment-large size-large\" alt=\"\" srcset=\"https:\/\/rekuesen.com\/wp-content\/uploads\/2025\/05\/Cach-Lam-Banh-Gio-Mem-Min-Sieu-Ngon-That-La-Ngon.jpg 600w, https:\/\/rekuesen.com\/wp-content\/uploads\/2025\/05\/Cach-Lam-Banh-Gio-Mem-Min-Sieu-Ngon-That-La-Ngon-300x216.jpg 300w\" sizes=\"auto, (max-width: 600px) 100vw, 600px\" \/>\t\t\t\t\t\t\n\t\t\t\t\t<\/div>\n\t\t\t\t\t\t\t\t\n<style>\n#image_352730527 {\n  width: 100%;\n}\n<\/style>\n\t<\/div>\n\t\n\n\n\t\t<\/div>\n\t\t\t\t\t<\/div>\n\n\t\n\n\t<div id=\"col-10407529\" class=\"col medium-4 small-12 large-4\"  >\n\t\t\t\t<div class=\"col-inner text-center\"  >\n\t\t\t\n\t\t\t\n\n\t<div class=\"img has-hover x md-x lg-x y md-y lg-y\" id=\"image_3624051\">\n\t\t\t\t\t\t\t\t<div class=\"img-inner dark\" >\n\t\t\t<img loading=\"lazy\" decoding=\"async\" width=\"736\" height=\"736\" src=\"https:\/\/rekuesen.com\/wp-content\/uploads\/2025\/05\/db358aea-8d09-449e-b84e-ff8c8ac3497a.jpg\" class=\"attachment-large size-large\" alt=\"\" srcset=\"https:\/\/rekuesen.com\/wp-content\/uploads\/2025\/05\/db358aea-8d09-449e-b84e-ff8c8ac3497a.jpg 736w, https:\/\/rekuesen.com\/wp-content\/uploads\/2025\/05\/db358aea-8d09-449e-b84e-ff8c8ac3497a-300x300.jpg 300w, https:\/\/rekuesen.com\/wp-content\/uploads\/2025\/05\/db358aea-8d09-449e-b84e-ff8c8ac3497a-150x150.jpg 150w\" sizes=\"auto, (max-width: 736px) 100vw, 736px\" \/>\t\t\t\t\t\t\n\t\t\t\t\t<\/div>\n\t\t\t\t\t\t\t\t\n<style>\n#image_3624051 {\n  width: 83%;\n}\n<\/style>\n\t<\/div>\n\t\n\n\n\t\t<\/div>\n\t\t\t\t\t<\/div>\n\n\t\n\n<\/div>\n<div class=\"row row-full-width align-middle align-center\"  id=\"row-2125463175\">\n\n\n\t<div id=\"col-390807900\" class=\"col medium-4 small-12 large-4\"  >\n\t\t\t\t<div class=\"col-inner text-center\"  >\n\t\t\t\n\t\t\t\n\n<a href=\"https:\/\/rekuesen.com\/?cat=11\" class=\"button success is-small box-shadow-3-hover\" rel=\"https:\/\/rekuesen.com\/?cat=11\"  style=\"border-radius:99px;padding:5px 15px 5px 15px;\">\n    <span>Jetzt entdecken<\/span>\n  <\/a>\n\n\n\n\t\t<\/div>\n\t\t\t\t\t<\/div>\n\n\t\n\n<\/div>\n\n\t\t<\/div>\n\n\t\t\n<style>\n#section_232534535 {\n  padding-top: 30px;\n  padding-bottom: 30px;\n  background-color: #3e3e3e;\n}\n<\/style>\n\t<\/section>\n\t\n\n","protected":false},"excerpt":{"rendered":"","protected":false},"author":1,"featured_media":0,"parent":0,"menu_order":0,"comment_status":"closed","ping_status":"closed","template":"page-transparent-header.php","meta":{"footnotes":""},"class_list":["post-9","page","type-page","status-publish","hentry"],"_links":{"self":[{"href":"https:\/\/rekuesen.com\/index.php?rest_route=\/wp\/v2\/pages\/9","targetHints":{"allow":["GET"]}}],"collection":[{"href":"https:\/\/rekuesen.com\/index.php?rest_route=\/wp\/v2\/pages"}],"about":[{"href":"https:\/\/rekuesen.com\/index.php?rest_route=\/wp\/v2\/types\/page"}],"author":[{"embeddable":true,"href":"https:\/\/rekuesen.com\/index.php?rest_route=\/wp\/v2\/users\/1"}],"replies":[{"embeddable":true,"href":"https:\/\/rekuesen.com\/index.php?rest_route=%2Fwp%2Fv2%2Fcomments&post=9"}],"version-history":[{"count":16,"href":"https:\/\/rekuesen.com\/index.php?rest_route=\/wp\/v2\/pages\/9\/revisions"}],"predecessor-version":[{"id":152,"href":"https:\/\/rekuesen.com\/index.php?rest_route=\/wp\/v2\/pages\/9\/revisions\/152"}],"wp:attachment":[{"href":"https:\/\/rekuesen.com\/index.php?rest_route=%2Fwp%2Fv2%2Fmedia&parent=9"}],"curies":[{"name":"wp","href":"https:\/\/api.w.org\/{rel}","templated":true}]}}